{"id":90,"date":"2006-01-27T19:04:57","date_gmt":"2006-01-27T10:04:57","guid":{"rendered":"http:\/\/bertilow.com\/blogo\/?page_id=90"},"modified":"2006-01-27T20:08:08","modified_gmt":"2006-01-27T11:08:08","slug":"kopfzerbrechen-fuer-den-sprachlerner-2-loesungen-kaporompado-por-la-lingvolernanto-2-solvoj","status":"publish","type":"page","link":"https:\/\/bertilow.com\/blogo\/kopfzerbrechen-fuer-den-sprachlerner-2-loesungen-kaporompado-por-la-lingvolernanto-2-solvoj\/","title":{"rendered":"Kopfzerbrechen f\u00fcr den Sprachlerner 2 &#8211; L\u00f6sungen \/ Kaporompado por la lingvolernanto 2 &#8211; Solvoj"},"content":{"rendered":"<p>\u0108ar la <a href=\"\/blogo\/?p=88#comment-1281\">rakonto de Johan&#8217;-Luko<\/a> tiom pla\u0109is al mi, mi \u011din \u0109i tie ankora\u016dfoje rakontas. Mi tamen iom \u015dan\u011dis \u011din por meti \u0109iujn solvojn:<\/p>\n<p>Esperantistoj fervoje voja\u011das el E\u016dropo tra Siberio al Korea kongreso; tio estas voja\u011do \u0109irka\u016d la duona <strong>terglobo<\/strong> <a href=\"#solvo4\">(4)<\/a>. Tra fenestro videblas kamparano, kiu kuras apud la trajno per grandaj pa\u015doj. Vere, la spaco <a href=\"#solvo2\">(2)<\/a> inter liaj genuoj estas impresa! Li krias: Atendu min, anka\u016d mi iri volas! <strong>Bovino<\/strong> <a href=\"#solvo1\">(1)<\/a> \u011duanta la trajniradon pensas: frenezas homoj! Kiel povi \u011dui trajnopason, se oni jam estas en \u011di! En kupeo knabeto <strong>ekstaras<\/strong> <a href=\"#solvo3\">(3)<\/a> de sia se\u011do kaj krias: Hej Panjo! Kial vi lasis harpinglon sur mia se\u011do? La voja\u011do estas longa, sed finfine ili alvenas iun <strong>posttagmezon<\/strong> <a href=\"#solvo7\">(7)<\/a>. \u0108ar ili ne rajtas trapasi Nordan Koreujon, ili devas alboati. Kompreneble ili ne boatas trans <strong>lagon<\/strong> <a href=\"#solvo8\">(8)<\/a>, sed trans maron por atingi Sudkoreujon. Fine akceptadas ilin bela, sed beda\u016drinde jam <strong>edzini\u011dinta virino<\/strong> <a href=\"#solvo6\">(6)<\/a>, kiun ili \u011dentile salutas demetante la <strong>\u0109apelon<\/strong> <a href=\"#solvo5\">(5)<\/a> kaj klinante la korpon \u2013 kvankam la <strong>koksoj<\/strong> <a href=\"#solvo9\">(9)<\/a> doloras pro la longa voja\u011do.<\/p>\n<p class=\"de\">Weil mir die <a href=\"\/blogo\/?p=88#comment-1281\">Geschichte von Johan&#8217;-Luko<\/a> so gut gefallen hat, erz\u00e4hle ich sie hier noch einmal. Ein bisschen habe ich sie aber abgewandelt um die L\u00f6sungen unterzubringen: <\/p>\n<p class=\"de\">Esperantisten fahren mit der Bahn von Europa durch Sibirien zu einem Kongress in Korea, das ist eine Reise um den halben <strong>Erdball<\/strong> <a href=\"#solvo4\">(4)<\/a>. Aus dem Fenster ist ein Bauer zu sehen, der mit langen Schritten neben dem Zug herl\u00e4uft. Wirklich, der <strong>Zwischenraum<\/strong> <a href=\"#solvo2\">(2)<\/a> zwischen seinen Knien ist beeindruckend! Er ruft: Wartet auf mich, auch ich m\u00f6chte mit! Eine <strong>Kuh<\/strong> <a href=\"#solvo1\">(1)<\/a> genie\u00dft die Zugfahrt und denkt: Die Menschen sind doch verr\u00fcckt! Wie kann man sich an einer Zugvorbeifahrt erfreuen, wenn man schon darin ist! In einem Abteil <strong>steht<\/strong> <a href=\"#solvo3\">(3)<\/a> ein Junge von seinem Sitz <strong>auf<\/strong> und ruft: Hej, Mama! Warum hast du eine Haarnadel auf meinem Sitz gelassen? Die Reise ist lang, aber eines <strong>Nachmittags<\/strong> <a href=\"#solvo7\">(7)<\/a> kommen sie endlich an. Weil sie nicht durch Nordkorea fahren d\u00fcrfen, m\u00fcssen sie per Boot weiter. Nat\u00fcrlich \u00fcberqueren mit dem Boot keinen <strong>See<\/strong><a href=\"#solvo8\"> (8)<\/a>, sondern ein Meer um S\u00fcdkorea zu erreichen. Schlie\u00dflich emf\u00e4ngt sie eine sch\u00f6ne, aber leider bereits <strong>verheiratete Frau<\/strong> <a href=\"#solvo6\">(6)<\/a>, die sie freundlich begr\u00fc\u00dfen, indem sie den <strong>Hut<\/strong> <a href=\"#solvo5\">(5)<\/a> abnehmen und sich verbeugen \u2013 obwohl ihnen von der langen Reise die <strong>H\u00fcften<\/strong> <a href=\"#solvo9\">(9)<\/a> weh tun.<\/p>\n<div class=\"bildo\"><a href=\"\/blogo\/wp-content\/uploads\/so.png\"><img decoding=\"async\" id=\"b-so.png\" src=\"\/blogo\/wp-content\/uploads\/thumb-so.png\" alt=\"\" \/><\/a><\/p>\n<p class=\"de\">\n<\/div>\n<p><span class=\"de\">obere Reihe<\/span> \/ supra linio:<\/p>\n<dl>\n<dt id=\"solvo1\">(1) so<\/dt>\n<dd class=\"de\">Rind, Kuh<\/dd>\n<dd>bov(in)o<\/dd>\n<dt id=\"solvo2\">(2) sai<\/dt>\n<dd class=\"de\">Zwischenraum<\/dd>\n<dd>interspaco<\/dd>\n<dt id=\"solvo3\">(3) seoda<\/dt>\n<dd class=\"de\">(auf)stehen<\/dd>\n<dd>(ek)stari<\/dd>\n<\/dl>\n<p><span class=\"de\">mittlere Reihe<\/span> \/ meza linio:<\/p>\n<dl>\n<dt id=\"solvo4\">(4) jigu<\/dt>\n<dd class=\"de\">Erde<\/dd>\n<dd>terglobo<\/dd>\n<dt id=\"solvo5\">(5) moja<\/dt>\n<dd class=\"de\">Hut, M\u00fctze<\/dd>\n<dd>\u0109apelo, \u0109apo<\/dd>\n<dt id=\"solvo6\">(6) ajumeoni<\/dt>\n<dd class=\"de\">verheiratete Frau, Frau \u00fcber 30<\/dd>\n<dd>edzini\u011dinta virino, virino pli a\u011da ol 30<\/dd>\n<\/dl>\n<p><span class=\"de\">untere Reihe<\/span> \/ suba linio:<\/p>\n<dl>\n<dt id=\"solvo7\">(7) ohu<\/dt>\n<dd class=\"de\">Nachmittag<\/dd>\n<dd>posttagmezo<\/dd>\n<dt id=\"solvo8\">(8) hosu<\/dt>\n<dd class=\"de\">See<\/dd>\n<dd>lago<\/dd>\n<dt id=\"solvo9\">(9) heori<\/dt>\n<dd class=\"de\">H\u00fcfte<\/dd>\n<dd>kokso<\/dd>\n<\/dl>\n","protected":false},"excerpt":{"rendered":"<p>\u0108ar la rakonto de Johan&#8217;-Luko tiom pla\u0109is al mi, mi \u011din \u0109i tie ankora\u016dfoje rakontas. Mi tamen iom \u015dan\u011dis \u011din por meti \u0109iujn solvojn: Esperantistoj fervoje voja\u011das el E\u016dropo tra Siberio al Korea kongreso; tio estas voja\u011do \u0109irka\u016d la duona terglobo (4). Tra fenestro videblas kamparano, kiu kuras apud la trajno per grandaj pa\u015doj. Vere, &hellip; <a href=\"https:\/\/bertilow.com\/blogo\/kopfzerbrechen-fuer-den-sprachlerner-2-loesungen-kaporompado-por-la-lingvolernanto-2-solvoj\/\" class=\"more-link\">Da\u016drigi legadon<span class=\"screen-reader-text\"> &#8220;Kopfzerbrechen f\u00fcr den Sprachlerner 2 &#8211; L\u00f6sungen \/ Kaporompado por la lingvolernanto 2 &#8211; Solvoj&#8221;<\/span><\/a><\/p>\n","protected":false},"author":3,"featured_media":0,"parent":0,"menu_order":0,"comment_status":"closed","ping_status":"closed","template":"","meta":{"footnotes":""},"_links":{"self":[{"href":"https:\/\/bertilow.com\/blogo\/wp-json\/wp\/v2\/pages\/90"}],"collection":[{"href":"https:\/\/bertilow.com\/blogo\/wp-json\/wp\/v2\/pages"}],"about":[{"href":"https:\/\/bertilow.com\/blogo\/wp-json\/wp\/v2\/types\/page"}],"author":[{"embeddable":true,"href":"https:\/\/bertilow.com\/blogo\/wp-json\/wp\/v2\/users\/3"}],"replies":[{"embeddable":true,"href":"https:\/\/bertilow.com\/blogo\/wp-json\/wp\/v2\/comments?post=90"}],"version-history":[{"count":0,"href":"https:\/\/bertilow.com\/blogo\/wp-json\/wp\/v2\/pages\/90\/revisions"}],"wp:attachment":[{"href":"https:\/\/bertilow.com\/blogo\/wp-json\/wp\/v2\/media?parent=90"}],"curies":[{"name":"wp","href":"https:\/\/api.w.org\/{rel}","templated":true}]}}