{"id":61,"date":"2005-05-23T22:47:34","date_gmt":"2005-05-23T13:47:34","guid":{"rendered":"http:\/\/bertilow.com\/blogo\/?page_id=61"},"modified":"2006-01-27T19:16:38","modified_gmt":"2006-01-27T10:16:38","slug":"kopfzerbrechen-fuer-den-sprachlerner-1-loesungen-cerbumajhoj-por-la-lingvolernanto-1-solvoj","status":"publish","type":"page","link":"https:\/\/bertilow.com\/blogo\/kopfzerbrechen-fuer-den-sprachlerner-1-loesungen-cerbumajhoj-por-la-lingvolernanto-1-solvoj\/","title":{"rendered":"Kopfzerbrechen f\u00fcr den Sprachlerner 1 &#8211; L\u00f6sungen \/ Cerbuma\u0135oj por la lingvolernanto 1 &#8211; Solvoj"},"content":{"rendered":"<p class=\"de\">Hier also nochmal das Bild mit den L\u00f6sungen des R\u00e4tsels <a href=\"\/blogo\/?p=58\">Kopfzerberechen f\u00fcr den Sprachlerner 1<\/a>:<\/p>\n<p>Jen do ankora\u016dfoje la bildo kun la solvoj de la enigmo <a href=\"\/blogo\/?p=58\">Kaporompado por la lingvolernanto 1<\/a>:<\/p>\n<div><img decoding=\"async\" id=\"b-kagu.png\" src=\"\/blogo\/wp-content\/uploads\/kagu.png\" alt=\"\" \/><\/div>\n<p><span class=\"de\">obere Reihe<\/span> \/ supra linio:<br \/>\nkagu: <span class=\"de\">M\u00f6bel<\/span> \/ meblo<br \/>\nkogi: <span class=\"de\">Fleisch<\/span> \/ viando<br \/>\nkeogi: <span class=\"de\">dort<\/span> \/ tie<\/p>\n<p><span class=\"de\">mittlere Reihe<\/span> \/ meza linio:<br \/>\nna: <span class=\"de\">ich<\/span> \/ mi<br \/>\nneo: <span class=\"de\">du<\/span> \/ vi<br \/>\nnuna: <span class=\"de\">\u00e4ltere Schwester (eines Mannes)<\/span> \/ pli a\u011da fratino (de viro)<\/p>\n<p><span class=\"de\">untere Reihe<\/span> \/ suba linio:<br \/>\nkudu: <span class=\"de\">Schuhe<\/span> \/\u015duoj<br \/>\neodi: <span class=\"de\">wo<\/span> \/ kie<br \/>\nnagada: <span class=\"de\">hinausgehen<\/span> \/ eliri<\/p>\n","protected":false},"excerpt":{"rendered":"<p>Hier also nochmal das Bild mit den L\u00f6sungen des R\u00e4tsels Kopfzerberechen f\u00fcr den Sprachlerner 1: Jen do ankora\u016dfoje la bildo kun la solvoj de la enigmo Kaporompado por la lingvolernanto 1: obere Reihe \/ supra linio: kagu: M\u00f6bel \/ meblo kogi: Fleisch \/ viando keogi: dort \/ tie mittlere Reihe \/ meza linio: na: ich &hellip; <a href=\"https:\/\/bertilow.com\/blogo\/kopfzerbrechen-fuer-den-sprachlerner-1-loesungen-cerbumajhoj-por-la-lingvolernanto-1-solvoj\/\" class=\"more-link\">Da\u016drigi legadon<span class=\"screen-reader-text\"> &#8220;Kopfzerbrechen f\u00fcr den Sprachlerner 1 &#8211; L\u00f6sungen \/ Cerbuma\u0135oj por la lingvolernanto 1 &#8211; Solvoj&#8221;<\/span><\/a><\/p>\n","protected":false},"author":3,"featured_media":0,"parent":0,"menu_order":0,"comment_status":"closed","ping_status":"closed","template":"","meta":{"footnotes":""},"_links":{"self":[{"href":"https:\/\/bertilow.com\/blogo\/wp-json\/wp\/v2\/pages\/61"}],"collection":[{"href":"https:\/\/bertilow.com\/blogo\/wp-json\/wp\/v2\/pages"}],"about":[{"href":"https:\/\/bertilow.com\/blogo\/wp-json\/wp\/v2\/types\/page"}],"author":[{"embeddable":true,"href":"https:\/\/bertilow.com\/blogo\/wp-json\/wp\/v2\/users\/3"}],"replies":[{"embeddable":true,"href":"https:\/\/bertilow.com\/blogo\/wp-json\/wp\/v2\/comments?post=61"}],"version-history":[{"count":0,"href":"https:\/\/bertilow.com\/blogo\/wp-json\/wp\/v2\/pages\/61\/revisions"}],"wp:attachment":[{"href":"https:\/\/bertilow.com\/blogo\/wp-json\/wp\/v2\/media?parent=61"}],"curies":[{"name":"wp","href":"https:\/\/api.w.org\/{rel}","templated":true}]}}